{"id":397,"date":"2019-11-20T14:41:11","date_gmt":"2019-11-20T14:41:11","guid":{"rendered":"https:\/\/fahrschule-christine-timmer.de\/?page_id=397"},"modified":"2025-01-10T15:48:24","modified_gmt":"2025-01-10T15:48:24","slug":"preise-2020","status":"publish","type":"page","link":"https:\/\/fahrschule-christine-timmer.de\/?page_id=397","title":{"rendered":"PREISE 2025"},"content":{"rendered":"<table style=\"height: 216px;\" border=\"0\">\n<tbody>\n<tr>\n<td style=\"width: 543.267px; background-color: #e8e8e8;\"><strong>F\u00fchrerschein Klasse B<\/strong><\/td>\n<td style=\"width: 105.067px; background-color: #e8e8e8;\"><\/td>\n<\/tr>\n<tr style=\"height: 24px;\">\n<td style=\"height: 24px; width: 543.267px;\">Grundbetrag f\u00fcr Umschreibung oder Wiedererteilung<\/td>\n<td style=\"height: 24px; width: 105.067px;\" align=\"right\" valign=\"bottom\">510,00 \u20ac<\/td>\n<\/tr>\n<tr style=\"height: 24px;\">\n<td style=\"height: 24px; width: 543.267px;\">Grundbetrag WiedereinsteigerInnen<\/td>\n<td style=\"text-align: right; height: 24px; width: 105.067px;\">100,00 \u20ac<\/td>\n<\/tr>\n<tr style=\"height: 24px;\">\n<td style=\"height: 24px; width: 543.267px;\">Fahrstunde \u00e0 45 min<\/td>\n<td style=\"height: 24px; width: 105.067px;\" align=\"right\" valign=\"bottom\">90,00 \u20ac<\/td>\n<\/tr>\n<tr style=\"height: 24px;\">\n<td style=\"height: 24px; width: 543.267px;\">Vorstellung zur theoret. Pr\u00fcfung<\/td>\n<td style=\"height: 24px; width: 105.067px;\" align=\"right\" valign=\"bottom\">125,00 \u20ac<\/td>\n<\/tr>\n<tr style=\"height: 24px;\">\n<td style=\"height: 24px; width: 543.267px;\">Vorstellung zur prakt. Pr\u00fcfung Schaltung + Automatik<\/td>\n<td style=\"height: 24px; width: 105.067px;\" align=\"right\" valign=\"bottom\">360,00 \u20ac<\/td>\n<\/tr>\n<\/tbody>\n<\/table>\n<table border=\"0\">\n<tbody>\n<tr style=\"height: 24px;\">\n<td style=\"width: 542.083px; background-color: #e8e8e8;\"><strong>T\u00dcV-Geb\u00fchren<\/strong> (sind nicht in den o.g. Preisen enthalten)<\/td>\n<th style=\"width: 106.25px; background-color: #e8e8e8;\" align=\"right\" valign=\"bottom\"><\/th>\n<\/tr>\n<\/tbody>\n<\/table>\n<p><strong>Allgemein<\/strong><\/p>\n<ul>\n<li>Vereinbarte Fahrstunden, die nicht 2 Werktage vorher abgesagt worden sind, werden mit 65,00 \u20ac per 45 min. berechnet!<\/li>\n<li>Wir akzeptieren nur Barzahlung f\u00fcr die Fahrstunden und die praktische Pr\u00fcfungsgeb\u00fchr; bitte \u00fcberweisen Sie die Geb\u00fchren f\u00fcr die Anmeldung und die theoretische Pr\u00fcfung. Zahlung per EC- oder Kreditkarte ist leider nicht m\u00f6glich<\/li>\n<\/ul>\n<p>\u00c4nderungen vorbehalten.<br \/>\n<strong>Stand 01. Januar 2025<br \/>\n<\/strong><\/p>\n<div id=\"OKAYFREEDOM_INJECTED\" style=\"display: none;\"><\/div>\n<p><script src=\"moz-extension:\/\/6126c19a-c53d-41c4-a10a-6bfd0adeb151\/web\/libs\/ciuvo-addon-sdk.min.js\" async=\"\"><\/script><\/p>\n","protected":false},"excerpt":{"rendered":"<p>F\u00fchrerschein Klasse B Grundbetrag f\u00fcr Umschreibung oder Wiedererteilung 510,00 \u20ac Grundbetrag WiedereinsteigerInnen 100,00 \u20ac Fahrstunde \u00e0 45 min 90,00 \u20ac Vorstellung zur theoret. Pr\u00fcfung 125,00 \u20ac Vorstellung zur prakt. Pr\u00fcfung Schaltung + Automatik 360,00 \u20ac T\u00dcV-Geb\u00fchren (sind nicht in den o.g. Preisen enthalten) Allgemein Vereinbarte Fahrstunden, die nicht 2 Werktage vorher abgesagt worden sind, werden mit 65,00 \u20ac per 45 [&hellip;]<\/p>\n","protected":false},"author":1,"featured_media":0,"parent":0,"menu_order":0,"comment_status":"closed","ping_status":"closed","template":"","meta":{"footnotes":""},"class_list":["post-397","page","type-page","status-publish","hentry"],"_links":{"self":[{"href":"https:\/\/fahrschule-christine-timmer.de\/index.php?rest_route=\/wp\/v2\/pages\/397","targetHints":{"allow":["GET"]}}],"collection":[{"href":"https:\/\/fahrschule-christine-timmer.de\/index.php?rest_route=\/wp\/v2\/pages"}],"about":[{"href":"https:\/\/fahrschule-christine-timmer.de\/index.php?rest_route=\/wp\/v2\/types\/page"}],"author":[{"embeddable":true,"href":"https:\/\/fahrschule-christine-timmer.de\/index.php?rest_route=\/wp\/v2\/users\/1"}],"replies":[{"embeddable":true,"href":"https:\/\/fahrschule-christine-timmer.de\/index.php?rest_route=%2Fwp%2Fv2%2Fcomments&post=397"}],"version-history":[{"count":13,"href":"https:\/\/fahrschule-christine-timmer.de\/index.php?rest_route=\/wp\/v2\/pages\/397\/revisions"}],"predecessor-version":[{"id":616,"href":"https:\/\/fahrschule-christine-timmer.de\/index.php?rest_route=\/wp\/v2\/pages\/397\/revisions\/616"}],"wp:attachment":[{"href":"https:\/\/fahrschule-christine-timmer.de\/index.php?rest_route=%2Fwp%2Fv2%2Fmedia&parent=397"}],"curies":[{"name":"wp","href":"https:\/\/api.w.org\/{rel}","templated":true}]}}