{"id":25,"date":"2019-01-29T10:29:25","date_gmt":"2019-01-29T10:29:25","guid":{"rendered":"http:\/\/dev.fahrschule-christine-timmer.de\/?page_id=25"},"modified":"2021-05-05T12:56:08","modified_gmt":"2021-05-05T12:56:08","slug":"fuehrerschein-klasse-b","status":"publish","type":"page","link":"https:\/\/fahrschule-christine-timmer.de\/?page_id=25","title":{"rendered":"F\u00fchrerschein Klasse B"},"content":{"rendered":"<blockquote>\n<h3><strong>Findet zur Zeit nicht statt <\/strong><\/h3>\n<\/blockquote>\n<p>Wir beraten rund um den <a href=\"https:\/\/fahrschule-christine-timmer.de\/wp-content\/uploads\/2019\/10\/F\u00fchrerschein-B-Nov-19.pdf\">F\u00fchrerschein Klasse B<\/a>, <a href=\"https:\/\/fahrschule-christine-timmer.de\/wp-content\/uploads\/2019\/10\/F\u00fchrerschein-B-Nov-19.pdf\">Schaltung und Automatik<\/a>:<\/p>\n<p>Die Ausbildung kann fr\u00fchestens sechs Monate vor dem 17. (begleitetes Fahren) oder 18 . Geburtstag begonnen werden.<\/p>\n<p>Unser Theorieunterricht in deutsch oder englisch findet an drei Wochenenden statt, um den vorgeschriebenen 14 x 90 min\u00fctigen Mindestunterricht zeit\u00f6konomisch zu gestalten: 3 x Freitagabend und Samstagvormittag,\u00a0 sowie 1 x Montagabend mit jeweils 2 x 90 Minuten.<\/p>\n<p>Begleitendes Lernmaterial f\u00fcr den theoretischen und praktischen Unterricht und die aktuellen amtlichen Pr\u00fcfungsfragen zur gezielten Vorbereitung auf die theoretische Pr\u00fcfung sind \u00fcber uns erh\u00e4ltlich in deutsch, englisch, sowie in weiteren Sprachen erh\u00e4ltlich.<\/p>\n<p>F\u00fcr einen optimalen Lernerfolg empfehlen wir, die theoretische und praktische Ausbildung zu verzahnen. Mit den Fahrstunden beginnen Sie vor, w\u00e4hrend und u.U. nach dem laufenden Theoriekurs. Beginn und Ende der Fahrstunden ist in der He\u00dfstra\u00dfe 58. So fahren Sie direkt im Pr\u00fcfungsgebiet und lernen es gut kennen. Alle wesentlichen Regeln und Verhaltensmuster \u00fcben Sie ausf\u00fchrlich vor Ort und sind bestens auf die praktische Pr\u00fcfung vorbereitet.<\/p>\n<p>Die 12 Sonderfahrten fahren Sie gegen Ende der praktischen Ausbildung.<\/p>\n<p>Vorgeschrieben sind:<\/p>\n<p>5 x 45 Min. Landstra\u00dfe<br \/>\n4 x 45 Min. Autobahn und<br \/>\n3 x 45 Min. Nachtfahrt<\/p>\n<p>Die Fahrstunden bitten wir entweder direkt mit den Fahrlehrern oder im B\u00fcro \u00a0zu vereinbaren. Eine fr\u00fchzeitige Planung und Buchung ist sehr empfehlenswert!<\/p>\n<p>Die gebuchten Fahrstunden k\u00f6nnen bis zu 2 Werktagen vorher kostenfrei abgesagt werden.<\/p>\n<p>Die theoretische Pr\u00fcfung kann abgelegt werden, wenn der Pr\u00fcfauftrag von der Beh\u00f6rde zur\u00fcck und der Theorieunterricht komplett ist.<\/p>\n<p>Erst nach bestandener theoretischer Pr\u00fcfung k\u00f6nnen Sie die praktische Pr\u00fcfung in Absprache mit Ihrem Fahrlehrer verbindlich buchen.<\/p>\n","protected":false},"excerpt":{"rendered":"<p>Findet zur Zeit nicht statt Wir beraten rund um den F\u00fchrerschein Klasse B, Schaltung und Automatik: Die Ausbildung kann fr\u00fchestens sechs Monate vor dem 17. (begleitetes Fahren) oder 18 . Geburtstag begonnen werden. Unser Theorieunterricht in deutsch oder englisch findet an drei Wochenenden statt, um den vorgeschriebenen 14 x 90 min\u00fctigen Mindestunterricht zeit\u00f6konomisch zu gestalten: 3 x Freitagabend und Samstagvormittag,\u00a0 [&hellip;]<\/p>\n","protected":false},"author":1,"featured_media":0,"parent":0,"menu_order":0,"comment_status":"closed","ping_status":"closed","template":"","meta":{"footnotes":""},"class_list":["post-25","page","type-page","status-publish","hentry"],"_links":{"self":[{"href":"https:\/\/fahrschule-christine-timmer.de\/index.php?rest_route=\/wp\/v2\/pages\/25","targetHints":{"allow":["GET"]}}],"collection":[{"href":"https:\/\/fahrschule-christine-timmer.de\/index.php?rest_route=\/wp\/v2\/pages"}],"about":[{"href":"https:\/\/fahrschule-christine-timmer.de\/index.php?rest_route=\/wp\/v2\/types\/page"}],"author":[{"embeddable":true,"href":"https:\/\/fahrschule-christine-timmer.de\/index.php?rest_route=\/wp\/v2\/users\/1"}],"replies":[{"embeddable":true,"href":"https:\/\/fahrschule-christine-timmer.de\/index.php?rest_route=%2Fwp%2Fv2%2Fcomments&post=25"}],"version-history":[{"count":13,"href":"https:\/\/fahrschule-christine-timmer.de\/index.php?rest_route=\/wp\/v2\/pages\/25\/revisions"}],"predecessor-version":[{"id":541,"href":"https:\/\/fahrschule-christine-timmer.de\/index.php?rest_route=\/wp\/v2\/pages\/25\/revisions\/541"}],"wp:attachment":[{"href":"https:\/\/fahrschule-christine-timmer.de\/index.php?rest_route=%2Fwp%2Fv2%2Fmedia&parent=25"}],"curies":[{"name":"wp","href":"https:\/\/api.w.org\/{rel}","templated":true}]}}