{"id":17,"date":"2019-01-28T21:50:10","date_gmt":"2019-01-28T21:50:10","guid":{"rendered":"http:\/\/dev.fahrschule-christine-timmer.de\/?page_id=17"},"modified":"2025-01-23T09:32:55","modified_gmt":"2025-01-23T09:32:55","slug":"fahrschule","status":"publish","type":"page","link":"https:\/\/fahrschule-christine-timmer.de\/","title":{"rendered":"Willkommen bei der Fahrschule Christine Timmer"},"content":{"rendered":"<p>Mit uns lernen Sie Autofahren in ruhiger und freundlicher Atmosph\u00e4re mit einf\u00fchlsamer Begleitung im Lernproze\u00df.<\/p>\n<p>Ob zur Umschreibung eines ausl\u00e4ndischen F\u00fchrerscheines oder als WiedereinsteigerIn &#8211; wir informieren und beraten Sie rund um den F\u00fchrerschein Klasse B. Seit Mitte 2020 bilden wir als Folge der Pandemie und der Verkleinerung unseres Teams keine Anf\u00e4nger mehr aus.<\/p>\n<p>Die Fahrschule Christine Timmer wurde im Jahr 2000 gegr\u00fcndet. Die ruhig gelegenen Unterrichtsr\u00e4ume Ecke He\u00df-\/Augustenstra\u00dfe sind leicht erreichbar: U2\/U8 Haltestelle Theresienstra\u00dfe und Bus 153\/154 Haltestelle Augustenstra\u00dfe.<\/p>\n<p>Christine Timmer, Namensgeberin und Inhaberin der Fahrschule, ist seit 1987 Fahrlehrerin der Klasse B. Ihr Studium &#8222;Englisch f\u00fcr das Lehramt&#8220;, ihre T\u00e4tigkeit als Lehrerin f\u00fcr Englisch und Sozialkunde an Gymnasien sowie ihre zahlreichen Auslandsaufenthalte vor allem in angloamerikanischen L\u00e4ndern haben dazu gef\u00fchrt, dass sich die Arbeit in Englisch als wesentlicher Schwerpunkt der Fahrschule entwickelt hat.<\/p>\n<p>Frauen im Lernprozess \u201evon Frau zu Frau\u201c zu begleiten ist ein Anliegen, das wir mit Engagement verfolgen.<\/p>\n<p>WiedereinsteigerInnen mit wenig Fahrpraxis, Angst vor dem Gro\u00dfstadtverkehr oder Unbehagen auf der Autobahn erhalten Selbstvertrauen und die Sicherheit, wieder ein Fahrzeug zu f\u00fchren.<\/p>\n<p>Inhaber eines ausl\u00e4ndischen F\u00fchrerscheins informieren wir \u00fcber die Besonderheiten der deutschen Verkehrsregeln und bereiten sie individuell f\u00fcr die praktische Pr\u00fcfung vor.<\/p>\n<p>Die jeweiligen sozialen und kulturellen Hintergr\u00fcnde unserer ausl\u00e4ndischen Fahrsch\u00fclerinnen und Fahrsch\u00fcler zu ber\u00fccksichtigen liegt uns sehr am Herzen.<\/p>\n<p>Das Team besteht aus Christine Timmer und einem weiteren Fahrlehrer, der an zwei Abenden in der Woche arbeitet. Beide bilden auch in Englisch aus. Unsere Kunden begleiten wir in Theorie und Praxis bis zum Ziel: dem F\u00fchrerschein Klasse B oder mehr Sicherheit\u00a0 und Selbstvertrauen beim Fahren.<\/p>\n<p>Wir schulen auf Audi A3 mit Schaltung oder Automatik.<\/p>\n<div id=\"OKAYFREEDOM_INJECTED\" style=\"display: none;\"><\/div>\n<p><script src=\"moz-extension:\/\/6126c19a-c53d-41c4-a10a-6bfd0adeb151\/web\/libs\/ciuvo-addon-sdk.min.js\" async=\"\"><\/script><\/p>\n","protected":false},"excerpt":{"rendered":"<p>Mit uns lernen Sie Autofahren in ruhiger und freundlicher Atmosph\u00e4re mit einf\u00fchlsamer Begleitung im Lernproze\u00df. Ob zur Umschreibung eines ausl\u00e4ndischen F\u00fchrerscheines oder als WiedereinsteigerIn &#8211; wir informieren und beraten Sie rund um den F\u00fchrerschein Klasse B. Seit Mitte 2020 bilden wir als Folge der Pandemie und der Verkleinerung unseres Teams keine Anf\u00e4nger mehr aus. Die Fahrschule Christine Timmer wurde im [&hellip;]<\/p>\n","protected":false},"author":1,"featured_media":0,"parent":0,"menu_order":0,"comment_status":"closed","ping_status":"closed","template":"","meta":{"footnotes":""},"class_list":["post-17","page","type-page","status-publish","hentry"],"_links":{"self":[{"href":"https:\/\/fahrschule-christine-timmer.de\/index.php?rest_route=\/wp\/v2\/pages\/17","targetHints":{"allow":["GET"]}}],"collection":[{"href":"https:\/\/fahrschule-christine-timmer.de\/index.php?rest_route=\/wp\/v2\/pages"}],"about":[{"href":"https:\/\/fahrschule-christine-timmer.de\/index.php?rest_route=\/wp\/v2\/types\/page"}],"author":[{"embeddable":true,"href":"https:\/\/fahrschule-christine-timmer.de\/index.php?rest_route=\/wp\/v2\/users\/1"}],"replies":[{"embeddable":true,"href":"https:\/\/fahrschule-christine-timmer.de\/index.php?rest_route=%2Fwp%2Fv2%2Fcomments&post=17"}],"version-history":[{"count":78,"href":"https:\/\/fahrschule-christine-timmer.de\/index.php?rest_route=\/wp\/v2\/pages\/17\/revisions"}],"predecessor-version":[{"id":619,"href":"https:\/\/fahrschule-christine-timmer.de\/index.php?rest_route=\/wp\/v2\/pages\/17\/revisions\/619"}],"wp:attachment":[{"href":"https:\/\/fahrschule-christine-timmer.de\/index.php?rest_route=%2Fwp%2Fv2%2Fmedia&parent=17"}],"curies":[{"name":"wp","href":"https:\/\/api.w.org\/{rel}","templated":true}]}}